{"id":96,"date":"2022-04-07T10:46:17","date_gmt":"2022-04-07T08:46:17","guid":{"rendered":"http:\/\/feuerwehr-droyssig.homeip.net\/?page_id=96"},"modified":"2025-09-04T16:42:06","modified_gmt":"2025-09-04T14:42:06","slug":"impressum","status":"publish","type":"page","link":"http:\/\/feuerwehr-droyssig.de\/index.php\/impressum\/","title":{"rendered":"Impressum"},"content":{"rendered":"\n<p><strong>Verantwortlich f\u00fcr den Inhalt dieser Webseite:<\/strong><\/p>\n\n\n\n<p>Feuerwehrverein Droy\u00dfig e. V.<br>Vorsitzender: Eric Wittow<br>Zeitzer Stra\u00dfe 8 b<br>06722 Droy\u00dfig<\/p>\n\n\n\n<p><strong>E-Mail: <\/strong><a href=\"mailto:info@feuerwehr-droyssig.de\">info[at]feuerwehr-droyssig.de<\/a><br>Telefon: 034425\/997066<\/p>\n\n\n\n<p><strong>Haftungshinweis:<\/strong><\/p>\n\n\n\n<p>Trotz sorgf\u00e4ltiger inhaltlicher Kontrolle \u00fcbernehmen wir keine Haftung f\u00fcr die Inhalte externer verlinkter Seiten. F\u00fcr den Inhalt der verlinkten Seiten sind ausschlie\u00dflich deren Betreiber verantwortlich.<\/p>\n","protected":false},"excerpt":{"rendered":"<p>Verantwortlich f\u00fcr den Inhalt dieser Webseite: Feuerwehrverein Droy\u00dfig e. V.Vorsitzender: Eric WittowZeitzer Stra\u00dfe 8 b06722 Droy\u00dfig E-Mail: info[at]feuerwehr-droyssig.deTelefon: 034425\/997066 Haftungshinweis: Trotz sorgf\u00e4ltiger inhaltlicher Kontrolle \u00fcbernehmen wir keine Haftung f\u00fcr die Inhalte externer verlinkter Seiten. F\u00fcr den Inhalt der verlinkten Seiten sind ausschlie\u00dflich deren Betreiber verantwortlich.<\/p>\n","protected":false},"author":1,"featured_media":0,"parent":0,"menu_order":0,"comment_status":"closed","ping_status":"closed","template":"","meta":{"footnotes":""},"class_list":["post-96","page","type-page","status-publish","hentry"],"_links":{"self":[{"href":"http:\/\/feuerwehr-droyssig.de\/index.php\/wp-json\/wp\/v2\/pages\/96","targetHints":{"allow":["GET"]}}],"collection":[{"href":"http:\/\/feuerwehr-droyssig.de\/index.php\/wp-json\/wp\/v2\/pages"}],"about":[{"href":"http:\/\/feuerwehr-droyssig.de\/index.php\/wp-json\/wp\/v2\/types\/page"}],"author":[{"embeddable":true,"href":"http:\/\/feuerwehr-droyssig.de\/index.php\/wp-json\/wp\/v2\/users\/1"}],"replies":[{"embeddable":true,"href":"http:\/\/feuerwehr-droyssig.de\/index.php\/wp-json\/wp\/v2\/comments?post=96"}],"version-history":[{"count":11,"href":"http:\/\/feuerwehr-droyssig.de\/index.php\/wp-json\/wp\/v2\/pages\/96\/revisions"}],"predecessor-version":[{"id":572,"href":"http:\/\/feuerwehr-droyssig.de\/index.php\/wp-json\/wp\/v2\/pages\/96\/revisions\/572"}],"wp:attachment":[{"href":"http:\/\/feuerwehr-droyssig.de\/index.php\/wp-json\/wp\/v2\/media?parent=96"}],"curies":[{"name":"wp","href":"https:\/\/api.w.org\/{rel}","templated":true}]}}