{"id":80,"date":"2022-04-07T10:22:55","date_gmt":"2022-04-07T08:22:55","guid":{"rendered":"http:\/\/feuerwehr-droyssig.homeip.net\/?page_id=80"},"modified":"2022-07-08T14:23:33","modified_gmt":"2022-07-08T12:23:33","slug":"verein-finanzordnung","status":"publish","type":"page","link":"http:\/\/feuerwehr-droyssig.de\/index.php\/verein-finanzordnung\/","title":{"rendered":"Verein Finanzordnung"},"content":{"rendered":"\n<p>Die Finanzordnung des Vereins bildet die Grundlage der zu entrichtenden Beitr\u00e4ge aller Mitglieder des Feuerwehrverein Droy\u00dfig e. V., sie regelt au\u00dferdem die Verfahrensweise mit Spenden und Zuwendungen.<\/p>\n\n\n\n<p> <\/p>\n\n\n\n<p> <\/p>\n\n\n\n<ul class=\"wp-block-list\"><li>Der Jahresbeitrag betr\u00e4gt 30,00 \u20ac f\u00fcr Arbeiter, Angestellte und Unternehmer und ist bis zum 31. M\u00e4rz f\u00fcr das laufende Jahr zu zahlen.<\/li><li>Der Jahresbeitrag betr\u00e4gt 15,00 \u20ac f\u00fcr Sch\u00fcler, Studenten, Azubis, Rentner, Arbeitssuchende, Wehr- und Ersatzdienstleistende und ist bis zum 31. M\u00e4rz des laufenden Jahres zu zahlen.<\/li><li>Mitglieder die aktiv in der Einsatzabteilung der Freiwilligen Feuerwehr der Verbandsgemeinde Droy\u00dfiger\u2013Zeitzer Forst, Ortswehr Droy\u00dfig t\u00e4tig sind, betr\u00e4gt der Jahresbeitrag 15,- \u20ac<\/li><\/ul>\n\n\n\n<p>  <\/p>\n\n\n\n<p> <\/p>\n\n\n\n<p>Bei ausstehendem Beitrag bis 30.Juni des laufenden Jahres wird das Mitglied angemahnt. Steht der Beitrag \u00fcber den 31.Dezember des abgelaufenen Jahres hinaus aus, erfolgt der Ausschluss gem\u00e4\u00df dieser Satzung. Der ausstehende Beitrag kann durch Rechtsmittel beigebracht werden.<br>Zusch\u00fcsse der \u00f6ffentlichen Hand werden durch den Vorstand beantragt und nachgewiesen.<br>Freiwillige Zuwendungen sind nachzuweisen und dem Spender eine f\u00f6rmliche Quittung auszustellen. Bei Spenden von nat\u00fcrlichen oder juristischen Personen ist innerhalb von 20 Tagen nach Erhalt der Geld\u2013 oder Sachspende eine formelle Spendenquittung auszustellen und zu \u00fcberbringen.<br>Diese Finanzordnung als Anlage 1 der Satzung des Feuerwehrverein Droy\u00dfig e.\u00a0V. tritt mit Beschluss der Mitgliederversammlung am 01.07.2022 und der Eintragung ins Vereinsregister in Kraft, gleichzeitig tritt die Finanzordnung des Feuerwehrverein Droy\u00dfig e.\u00a0V. vom 5. M\u00e4rz 2005 au\u00dfer Kraft.<\/p>\n\n\n\n<p>Droy\u00dfig, den 01.07.2022<\/p>\n","protected":false},"excerpt":{"rendered":"<p>Die Finanzordnung des Vereins bildet die Grundlage der zu entrichtenden Beitr\u00e4ge aller Mitglieder des Feuerwehrverein Droy\u00dfig e. V., sie regelt au\u00dferdem die Verfahrensweise mit Spenden und Zuwendungen. Der Jahresbeitrag betr\u00e4gt 30,00 \u20ac f\u00fcr Arbeiter, Angestellte und Unternehmer und ist bis zum 31. M\u00e4rz f\u00fcr das laufende Jahr zu zahlen. Der Jahresbeitrag betr\u00e4gt 15,00 \u20ac f\u00fcr [&hellip;]<\/p>\n","protected":false},"author":1,"featured_media":0,"parent":0,"menu_order":0,"comment_status":"closed","ping_status":"closed","template":"","meta":{"footnotes":""},"class_list":["post-80","page","type-page","status-publish","hentry"],"_links":{"self":[{"href":"http:\/\/feuerwehr-droyssig.de\/index.php\/wp-json\/wp\/v2\/pages\/80","targetHints":{"allow":["GET"]}}],"collection":[{"href":"http:\/\/feuerwehr-droyssig.de\/index.php\/wp-json\/wp\/v2\/pages"}],"about":[{"href":"http:\/\/feuerwehr-droyssig.de\/index.php\/wp-json\/wp\/v2\/types\/page"}],"author":[{"embeddable":true,"href":"http:\/\/feuerwehr-droyssig.de\/index.php\/wp-json\/wp\/v2\/users\/1"}],"replies":[{"embeddable":true,"href":"http:\/\/feuerwehr-droyssig.de\/index.php\/wp-json\/wp\/v2\/comments?post=80"}],"version-history":[{"count":7,"href":"http:\/\/feuerwehr-droyssig.de\/index.php\/wp-json\/wp\/v2\/pages\/80\/revisions"}],"predecessor-version":[{"id":204,"href":"http:\/\/feuerwehr-droyssig.de\/index.php\/wp-json\/wp\/v2\/pages\/80\/revisions\/204"}],"wp:attachment":[{"href":"http:\/\/feuerwehr-droyssig.de\/index.php\/wp-json\/wp\/v2\/media?parent=80"}],"curies":[{"name":"wp","href":"https:\/\/api.w.org\/{rel}","templated":true}]}}