{"id":40,"date":"2022-02-18T18:13:56","date_gmt":"2022-02-18T17:13:56","guid":{"rendered":"http:\/\/feuerwehr-droyssig.homeip.net\/?page_id=40"},"modified":"2026-02-03T13:31:50","modified_gmt":"2026-02-03T12:31:50","slug":"kuj-dienstplan","status":"publish","type":"page","link":"http:\/\/feuerwehr-droyssig.de\/index.php\/kuj-dienstplan\/","title":{"rendered":"Dienstplan Kinder- &#038; Jugendfeuerwehr"},"content":{"rendered":"\n<h1 class=\"wp-block-heading\"><strong>Dienstplan KJFW Droy\u00dfig 2026\/01:<\/strong><\/h1>\n\n\n\n<figure class=\"wp-block-table\"><table><tbody><tr><td><strong>Datum<\/strong><\/td><td><strong>Thema<\/strong><\/td><td><strong>Uhrzeit<\/strong><\/td><td><strong>Treffpunkt<\/strong><\/td><\/tr><tr><td>09.01.2026<\/td><td>Jahreshauptversammlung<\/td><td>16:45<\/td><td>Ger\u00e4tehaus<\/td><\/tr><tr><td><\/td><td><\/td><td><\/td><td><\/td><\/tr><tr><td>10.01.2026<\/td><td>Weihnachtsbaumsammlung<\/td><td>08:45<\/td><td>Ger\u00e4tehaus<\/td><\/tr><tr><td><\/td><td><\/td><td><\/td><td><\/td><\/tr><tr><td>22.01.2026<\/td><td>Elternversammlung<\/td><td>16:30<\/td><td>Ger\u00e4tehaus<\/td><\/tr><tr><td><\/td><td><\/td><td><\/td><td><\/td><\/tr><tr><td>29.01.2026<\/td><td>UVV, Jahresr\u00fcckblick<\/td><td>16:30<\/td><td>Ger\u00e4tehaus<\/td><\/tr><tr><td><\/td><td><\/td><td><\/td><td><\/td><\/tr><tr><td>12.02.2026<\/td><td>Eisrettung<\/td><td>16:30<\/td><td>Ger\u00e4tehaus<\/td><\/tr><tr><td><\/td><td><\/td><td><\/td><td><\/td><\/tr><tr><td>26.02.2026<\/td><td>1. Hilfe<\/td><td>16:30<\/td><td>Ger\u00e4tehaus<\/td><\/tr><tr><td><\/td><td><\/td><td><\/td><td><\/td><\/tr><tr><td>06.03.2026<\/td><td>Tag des Ehrenamtes,<br>MBC-Spiel in Wei\u00dfenfels<\/td><td>Uhrzeit wird noch bekannt gegeben<\/td><td>Ger\u00e4tehaus<\/td><\/tr><tr><td><\/td><td><\/td><td><\/td><td><\/td><\/tr><tr><td>12.03.2026<\/td><td>Fahrzeugkunde<\/td><td>16:30<\/td><td>Ger\u00e4tehaus<\/td><\/tr><tr><td><\/td><td><\/td><td><\/td><td><\/td><\/tr><tr><td>26.03.2026<\/td><td>Knotenkunde<\/td><td>16:30<\/td><td>Ger\u00e4tehaus<\/td><\/tr><tr><td><\/td><td><\/td><td><\/td><td><\/td><\/tr><tr><td>05.04.2026<\/td><td>Absicherung Osterfeuer (Jugendabteilung)<\/td><td>Vormittags\/Nachmittag\/ Abend<\/td><td>Ger\u00e4tehaus<\/td><\/tr><tr><td><\/td><td><\/td><td><\/td><td><\/td><\/tr><tr><td>06.04.2026<\/td><td>Brandnachschau Osterfeuer<br>(Jugendabteilung)<\/td><td>Vormittags, Uhrzeit wird noch bekannt gegeben<\/td><td>Ger\u00e4tehaus<\/td><\/tr><tr><td><\/td><td><\/td><td><\/td><td><\/td><\/tr><tr><td>23.04.2026<\/td><td>\u00dcbung f\u00fcr den Kreiskinderfeuerwehrtag<br>und L\u00f6schangriff nass<\/td><td>16:30<\/td><td>Ger\u00e4tehaus<\/td><\/tr><tr><td><\/td><td><\/td><td><\/td><td><\/td><\/tr><tr><td>07.05.2026<\/td><td>Funk<\/td><td>16:30<\/td><td>Ger\u00e4tehaus<\/td><\/tr><tr><td><\/td><td><\/td><td><\/td><td><\/td><\/tr><tr><td>21.05.2026<\/td><td>Waldaction<\/td><td>16:00<\/td><td>Ger\u00e4tehaus<\/td><\/tr><tr><td><\/td><td><\/td><td><\/td><td><\/td><\/tr><tr><td>04.06.2026<\/td><td>Atemschutz<\/td><td>16:30<\/td><td>Ger\u00e4tehaus<\/td><\/tr><tr><td><\/td><td><\/td><td><\/td><td><\/td><\/tr><tr><td>20.06.2026<\/td><td>Halbjahesabschlu\u00df:<br>Teil2 Besuch Th\u00fcringer Landesfeuerwehr- und Katastrophenschutzschule<br>Bad K\u00f6stritz mit Abschlussgrillen<\/td><td>10:00<\/td><td>Ger\u00e4tehaus<\/td><\/tr><\/tbody><\/table><\/figure>\n\n\n\n<p>\u00c4nderungen bleiben den Kinder-&amp; Jugendfeuerwarten vorbehalten !<br>Wir bitten um rechtzeitige Abmeldung bei Verhinderung!<\/p>\n\n\n\n<p><\/p>\n","protected":false},"excerpt":{"rendered":"<p>Dienstplan KJFW Droy\u00dfig 2026\/01: Datum Thema Uhrzeit Treffpunkt 09.01.2026 Jahreshauptversammlung 16:45 Ger\u00e4tehaus 10.01.2026 Weihnachtsbaumsammlung 08:45 Ger\u00e4tehaus 22.01.2026 Elternversammlung 16:30 Ger\u00e4tehaus 29.01.2026 UVV, Jahresr\u00fcckblick 16:30 Ger\u00e4tehaus 12.02.2026 Eisrettung 16:30 Ger\u00e4tehaus 26.02.2026 1. Hilfe 16:30 Ger\u00e4tehaus 06.03.2026 Tag des Ehrenamtes,MBC-Spiel in Wei\u00dfenfels Uhrzeit wird noch bekannt gegeben Ger\u00e4tehaus 12.03.2026 Fahrzeugkunde 16:30 Ger\u00e4tehaus 26.03.2026 Knotenkunde 16:30 Ger\u00e4tehaus 05.04.2026 [&hellip;]<\/p>\n","protected":false},"author":1,"featured_media":0,"parent":0,"menu_order":0,"comment_status":"closed","ping_status":"closed","template":"","meta":{"footnotes":""},"class_list":["post-40","page","type-page","status-publish","hentry"],"_links":{"self":[{"href":"http:\/\/feuerwehr-droyssig.de\/index.php\/wp-json\/wp\/v2\/pages\/40","targetHints":{"allow":["GET"]}}],"collection":[{"href":"http:\/\/feuerwehr-droyssig.de\/index.php\/wp-json\/wp\/v2\/pages"}],"about":[{"href":"http:\/\/feuerwehr-droyssig.de\/index.php\/wp-json\/wp\/v2\/types\/page"}],"author":[{"embeddable":true,"href":"http:\/\/feuerwehr-droyssig.de\/index.php\/wp-json\/wp\/v2\/users\/1"}],"replies":[{"embeddable":true,"href":"http:\/\/feuerwehr-droyssig.de\/index.php\/wp-json\/wp\/v2\/comments?post=40"}],"version-history":[{"count":20,"href":"http:\/\/feuerwehr-droyssig.de\/index.php\/wp-json\/wp\/v2\/pages\/40\/revisions"}],"predecessor-version":[{"id":623,"href":"http:\/\/feuerwehr-droyssig.de\/index.php\/wp-json\/wp\/v2\/pages\/40\/revisions\/623"}],"wp:attachment":[{"href":"http:\/\/feuerwehr-droyssig.de\/index.php\/wp-json\/wp\/v2\/media?parent=40"}],"curies":[{"name":"wp","href":"https:\/\/api.w.org\/{rel}","templated":true}]}}