{"id":23,"date":"2022-02-18T18:01:38","date_gmt":"2022-02-18T17:01:38","guid":{"rendered":"http:\/\/feuerwehr-droyssig.homeip.net\/?page_id=23"},"modified":"2022-06-29T21:42:51","modified_gmt":"2022-06-29T19:42:51","slug":"feuerwehr-fahrzeuge","status":"publish","type":"page","link":"http:\/\/feuerwehr-droyssig.de\/index.php\/feuerwehr-fahrzeuge\/","title":{"rendered":"Feuerwehr Fahrzeuge"},"content":{"rendered":"\n<h2 class=\"wp-block-heading\">Hilfeleistungsl\u00f6schgruppenfahrzeug 20 (HLF20)<\/h2>\n\n\n\n<figure class=\"wp-block-image size-full\"><img loading=\"lazy\" decoding=\"async\" width=\"800\" height=\"450\" src=\"http:\/\/feuerwehr-droyssig.de\/wp-content\/uploads\/2022\/06\/HLF20-Fahrzeug.jpg\" alt=\"\" class=\"wp-image-134\"\/><\/figure>\n\n\n\n<p>Das Hilfeleistungsl\u00f6schgruppenfahrzeug (HLF) ist ein Einsatzfahrzeug f\u00fcr die Brandbek\u00e4mpfung und technische Hilfeleistung.<\/p>\n\n\n\n<p><strong>technische Daten:<\/strong><\/p>\n\n\n\n<figure class=\"wp-block-table\"><table><tbody><tr><td>Fahrgestell:<\/td><td>Iveco<\/td><\/tr><tr><td>Aufbau:<\/td><td>Magirus<\/td><\/tr><tr><td>&nbsp;<\/td><td>&nbsp;<\/td><\/tr><tr><td>H\u00f6chstgeschwindigkeit:<\/td><td>96 km\/h<\/td><\/tr><tr><td>zul. Gesamtgewicht:<\/td><td>15000 kg<\/td><\/tr><tr><td>Baujahr:<\/td><td>2017<\/td><\/tr><tr><td>Funkkenner im BLK:<\/td><td>Florian Droy\u00dfig 46\/1<\/td><\/tr><tr><td>L\u00f6schwasservorrat:<\/td><td>2000 l<\/td><\/tr><tr><td>Schaummittelvorrat:<\/td><td>120 l<\/td><\/tr><tr><td>Besatzung:<\/td><td>1\/8 Gruppe<\/td><\/tr><\/tbody><\/table><\/figure>\n\n\n\n<p><strong>Feuerwehrtechnische Beladung:<\/strong><\/p>\n\n\n\n<ul class=\"wp-block-list\"><li>Feuerl\u00f6schkreiselpumpe (FPN 10 &#8211; 2000) mit einer Leistung von 2000 l\/min bei 10 bar<\/li><li>Schnellangriffs-Druckschlauch C in Buchten mit Hohlstrahlrohr<\/li><li>L\u00f6schwasser-Beh\u00e4lter mit 2000 l Wasser<\/li><li>Schaummittel-Beh\u00e4lter 6 St\u00fcck ingesamt mit 120 l Schaummittelkonzentrat<\/li><\/ul>\n\n\n\n<p><strong>Beladung zur Technischen Hilfeleistung:<\/strong><\/p>\n\n\n\n<ul class=\"wp-block-list\"><li>hydraulisches Rettungsger\u00e4t, Sprungrettungsger\u00e4t<\/li><li>Stromerzeuger (tragbar, 9 kVA)<\/li><li>Trennschleifer, Kettens\u00e4ge, Werkzeugkiste<\/li><li>Vielzweckbindemittel<\/li><\/ul>\n\n\n\n<p><strong>Quelle: <a href=\"https:\/\/de.wikipedia.org\/wiki\/Hilfeleistungsl\u00f6schgruppenfahrzeug#Hilfeleistungsl.C3.B6schgruppenfahrzeug\">https:\/\/de.wikipedia.org\/wiki\/Hilfeleistungsl\u00f6schgruppenfahrzeug#Hilfeleistungsl.C3.B6schgruppenfahrzeug<\/a> &nbsp;&#8211; Wikipedia<\/strong><\/p>\n\n\n\n<p><\/p>\n\n\n\n<p><\/p>\n\n\n\n<h2 class=\"wp-block-heading\">Schlauchwagen (SW1000)<\/h2>\n\n\n\n<figure class=\"wp-block-image size-full\"><img loading=\"lazy\" decoding=\"async\" width=\"1024\" height=\"768\" src=\"http:\/\/feuerwehr-droyssig.de\/wp-content\/uploads\/2022\/06\/SW1000-Fahrzeug.jpg\" alt=\"\" class=\"wp-image-136\"\/><\/figure>\n\n\n\n<p>Der Schlauchwagen 1000 (kurz: <em>SW 1000<\/em>) ist die kleinere Bauform des Schlauchwagens. Namensgebendes Merkmal des Fahrzeugs sind die im Fahrzeugheck verlasteten B-Schl\u00e4uche in einer Gesamtl\u00e4nge von ca. einem Kilometer.<\/p>\n\n\n\n<p>Diese Schl\u00e4uche sind in zusammengekuppeltem Zustand in Schubladen untergebracht, so dass sie w\u00e4hrend der Fahrt ausgelegt werden k\u00f6nnen. Dabei kann entweder eine einzige Leitung mit einer Gesamtl\u00e4nge von 1000 Metern oder zwei Leitungen gleichzeitig, dann mit einer L\u00e4nge von 500 Metern, ausgelegt werden. Dieser Auslegevorgang wird von einem Feuerwehrmann \u00fcberwacht, der sich auf einem Trittbrett am Fahrzeugheck aufh\u00e4lt. Dar\u00fcber hinaus verf\u00fcgt der Schlauchwagen 1000 \u00fcber eine kleine Beladung zur Brandbek\u00e4mpfung sowie eine Tragkraftspritze (sehr oft verlastet, jedoch nicht nach Norm) als Feuerl\u00f6schpumpe. Seine Besatzung bestand aus einem Trupp, d.&nbsp;h. einem Truppf\u00fchrer und zwei weiteren Einsatzkr\u00e4ften. Die Norm f\u00fcr den SW 1000 wurde mittlerweile zur\u00fcckgezogen.<\/p>\n\n\n\n<p><strong>technische Daten:<\/strong><\/p>\n\n\n\n<div class=\"wp-block-columns is-layout-flex wp-container-core-columns-is-layout-28f84493 wp-block-columns-is-layout-flex\">\n<div class=\"wp-block-column is-layout-flow wp-block-column-is-layout-flow\" style=\"flex-basis:100%\">\n<figure class=\"wp-block-table\"><table><tbody><tr><td>Fahrgestell:<\/td><td>Daimler-Benz<\/td><\/tr><tr><td>Aufbau:<\/td><td>Ziegler<\/td><\/tr><tr><td>Baujahr:<\/td><td>1973<\/td><\/tr><tr><td>Funkkenner im BLK:<\/td><td>Florian Droy\u00dfig 33-61-01<\/td><\/tr><tr><td>Beladung:<\/td><td>1000 m B-Druckschlauch<br>TS 8 \/ 8<\/td><\/tr><tr><td>Besatzung:<\/td><td><br>Gruppe 1\/2<\/td><\/tr><\/tbody><\/table><\/figure>\n<\/div>\n<\/div>\n\n\n\n<p><strong>Quelle: Schlauchwagen &#8211; Wikipedia<\/strong><\/p>\n\n\n\n<p><\/p>\n\n\n\n<h2 class=\"wp-block-heading\">Mannschaftstransportwagen MTW<\/h2>\n\n\n\n<figure class=\"wp-block-image size-full\"><img loading=\"lazy\" decoding=\"async\" width=\"1024\" height=\"768\" src=\"http:\/\/feuerwehr-droyssig.de\/wp-content\/uploads\/2022\/06\/MTW-Fahrzeug.jpg\" alt=\"\" class=\"wp-image-138\"\/><\/figure>\n\n\n\n<p><strong>Daten:<\/strong><\/p>\n\n\n\n<figure class=\"wp-block-table\"><table><tbody><tr><td>Fahrgestell:<\/td><td>Volkswagen T4 Bus<\/td><\/tr><tr><td>\u00dcbergabe:<\/td><td>14.01.2012<\/td><\/tr><tr><td>Beladung:<\/td><td>9 Sitzpl\u00e4tze<\/td><\/tr><\/tbody><\/table><\/figure>\n\n\n\n<h2 class=\"wp-block-heading\">Der Feuerwehr-Trabant<\/h2>\n\n\n\n<figure class=\"wp-block-image size-full\"><img loading=\"lazy\" decoding=\"async\" width=\"1024\" height=\"768\" src=\"http:\/\/feuerwehr-droyssig.de\/wp-content\/uploads\/2022\/06\/Trabant-Fahrzeug.jpg\" alt=\"\" class=\"wp-image-139\"\/><\/figure>\n\n\n\n<p>Das Traditionsfahrzeug unserer Feuerwehr. Er wird nicht f\u00fcr den normalen Einsatz verwendet, sondern nur f\u00fcr Umz\u00fcge und Transportaufgaben.<\/p>\n","protected":false},"excerpt":{"rendered":"<p>Hilfeleistungsl\u00f6schgruppenfahrzeug 20 (HLF20) Das Hilfeleistungsl\u00f6schgruppenfahrzeug (HLF) ist ein Einsatzfahrzeug f\u00fcr die Brandbek\u00e4mpfung und technische Hilfeleistung. technische Daten: Fahrgestell: Iveco Aufbau: Magirus &nbsp; &nbsp; H\u00f6chstgeschwindigkeit: 96 km\/h zul. Gesamtgewicht: 15000 kg Baujahr: 2017 Funkkenner im BLK: Florian Droy\u00dfig 46\/1 L\u00f6schwasservorrat: 2000 l Schaummittelvorrat: 120 l Besatzung: 1\/8 Gruppe Feuerwehrtechnische Beladung: Feuerl\u00f6schkreiselpumpe (FPN 10 &#8211; 2000) mit [&hellip;]<\/p>\n","protected":false},"author":1,"featured_media":0,"parent":0,"menu_order":0,"comment_status":"closed","ping_status":"closed","template":"","meta":{"footnotes":""},"class_list":["post-23","page","type-page","status-publish","hentry"],"_links":{"self":[{"href":"http:\/\/feuerwehr-droyssig.de\/index.php\/wp-json\/wp\/v2\/pages\/23","targetHints":{"allow":["GET"]}}],"collection":[{"href":"http:\/\/feuerwehr-droyssig.de\/index.php\/wp-json\/wp\/v2\/pages"}],"about":[{"href":"http:\/\/feuerwehr-droyssig.de\/index.php\/wp-json\/wp\/v2\/types\/page"}],"author":[{"embeddable":true,"href":"http:\/\/feuerwehr-droyssig.de\/index.php\/wp-json\/wp\/v2\/users\/1"}],"replies":[{"embeddable":true,"href":"http:\/\/feuerwehr-droyssig.de\/index.php\/wp-json\/wp\/v2\/comments?post=23"}],"version-history":[{"count":4,"href":"http:\/\/feuerwehr-droyssig.de\/index.php\/wp-json\/wp\/v2\/pages\/23\/revisions"}],"predecessor-version":[{"id":177,"href":"http:\/\/feuerwehr-droyssig.de\/index.php\/wp-json\/wp\/v2\/pages\/23\/revisions\/177"}],"wp:attachment":[{"href":"http:\/\/feuerwehr-droyssig.de\/index.php\/wp-json\/wp\/v2\/media?parent=23"}],"curies":[{"name":"wp","href":"https:\/\/api.w.org\/{rel}","templated":true}]}}