{"id":19,"date":"2022-02-18T18:00:35","date_gmt":"2022-02-18T17:00:35","guid":{"rendered":"http:\/\/feuerwehr-droyssig.homeip.net\/?page_id=19"},"modified":"2026-04-15T14:00:49","modified_gmt":"2026-04-15T12:00:49","slug":"feuerwehr-einsaetze","status":"publish","type":"page","link":"http:\/\/feuerwehr-droyssig.de\/index.php\/feuerwehr-einsaetze\/","title":{"rendered":"Feuerwehr Eins\u00e4tze"},"content":{"rendered":"\n<h1 class=\"wp-block-heading has-text-align-center has-vivid-red-color has-text-color has-link-color wp-elements-a890514ba0ae695b2b1ebde21ee83662\">2026<\/h1>\n\n\n\n<figure class=\"wp-block-table\"><table><tbody><tr><td><strong>Nummer<\/strong><\/td><td><strong>Datum<\/strong><\/td><td><strong>Uhrzeit<\/strong><\/td><td><strong>Meldung<\/strong><\/td><td><strong>Ort<\/strong><\/td><td><strong>Fahrzeuge<\/strong><\/td><\/tr><tr><td>05<\/td><td>15.04.2026<\/td><td>11:53<\/td><td>Hilfeleistung &#8211; Baum auf Stra\u00dfe<\/td><td>Verbindungsstr. Droy\u00dfig &#8211; Wetterzeube<\/td><td>HLF + TSF (WB)<\/td><\/tr><tr><td>04<\/td><td>18.03.2026<\/td><td>06:19<\/td><td>Kleinbrand &#8211; PKW<\/td><td>Hollsteitz<\/td><td>HLF + KdoW + Kretzschau + D\u00f6schwitz<\/td><\/tr><tr><td>03<\/td><td>16.02.2026<\/td><td>22:51<\/td><td>Mittelbrand &#8211; Strohdiemen<\/td><td>Verbindungsstr. Droy\u00dfig &#8211; Zeitz<\/td><td>HLF + GWL + Kretzschau + D\u00f6schwitz + Salsitz<\/td><\/tr><tr><td>02<\/td><td>28.01.2026<\/td><td>13:30<\/td><td>Hilfeleistung &#8211; L\u00f6schbereitschaft<\/td><td>Wei\u00dfenborn<\/td><td>HLF<\/td><\/tr><tr><td>01<\/td><td>28.01.2026<\/td><td>10:24<\/td><td>Hilfeleistung &#8211; Absicherung Polizeieinsatz<\/td><td>Wei\u00dfenborn<\/td><td>HLF + GWL + KdoW + MTW + TSF (WB)<\/td><\/tr><\/tbody><\/table><\/figure>\n\n\n\n<h1 class=\"wp-block-heading has-text-align-center has-vivid-red-color has-text-color has-link-color wp-elements-aad34d6a31da24f0128802ab1e7d3011\">2025<\/h1>\n\n\n\n<figure class=\"wp-block-table\"><table><tbody><tr><td><strong>Nummer<\/strong><\/td><td><strong>Datum<\/strong><\/td><td><strong>Uhrzeit<\/strong><\/td><td><strong>Meldung<\/strong><\/td><td><strong>Ort<\/strong><\/td><td><strong>Fahrzeuge<\/strong><\/td><\/tr><tr><td>20<\/td><td>14.12.2025<\/td><td>18:56<\/td><td>Mittelbrand &#8211; Schornsteinbrand<\/td><td>Kretzschau<\/td><td>HLF + GWL + KdoW + D\u00f6schwitz + Kretzschau +<br>Zeitz<\/td><\/tr><tr><td>19<\/td><td>29.11.2025<\/td><td>12:24<\/td><td>Hilfeleistung &#8211; Tier in Notlage<\/td><td>Droy\u00dfig<\/td><td>HLF + MTW<\/td><\/tr><tr><td>18<\/td><td>24.11.2025<\/td><td>15:32<\/td><td>Hilfeleistung &#8211; Verkehrsunfall, ausgelaufene Fl\u00fcssigkeiten<\/td><td>Verbindungsstr. Romsdorf &#8211; Weickelsdorf<\/td><td>HLF + KdoW<\/td><\/tr><tr><td>17<\/td><td>16.11.2025<\/td><td>16:56<\/td><td>Hilfeleistung &#8211; Verkehrsunfall, PKW gegen Baum<\/td><td>Verbindungsstr. Romsdorf &#8211; Weickelsdorf<\/td><td>HLF + GWL + KdoW + TSF (WB)<\/td><\/tr><tr><td>16<\/td><td>25.10.2025<\/td><td>19:36<\/td><td>Hilfeleistung &#8211; Verkehrsunfall, eingeklemmte Person<\/td><td>Verbindungsstr. Droy\u00dfig &#8211; Zeitz<\/td><td>HLF + GWL + KdoW + TSF (WB)<\/td><\/tr><tr><td>15<\/td><td>10.10.2025<\/td><td>15:42<\/td><td>Hilfeleistung &#8211; Verkehrsunfall, eingeklemmte Person (Abbruch bei Anfahrt)<\/td><td>Grana<\/td><td>HLF<\/td><\/tr><tr><td>14<\/td><td>06.10.2025<\/td><td>07:10<\/td><td>Hilfeleistung &#8211; T\u00fcr\u00f6ffnung<\/td><td>Droy\u00dfig<\/td><td>HLF + KdoW + TSF (WB)<\/td><\/tr><tr><td>13<\/td><td>22.09.2025<\/td><td>19:20<\/td><td>Hilfeleistung &#8211; \u00d6lspur<\/td><td>B180 D\u00f6schwitz \/ Kretzschau<\/td><td>HLF + GWL + MTW + D\u00f6schwitz + Kretzschau +<br>Zeitz<\/td><\/tr><tr><td>12<\/td><td>04.09.2025<\/td><td>14:17<\/td><td>Gro\u00dfbrand &#8211; Wohnungsbrand (Fehlalarm)<\/td><td>Droy\u00dfig<\/td><td>HLF + MTW + TSF (WB) + D\u00f6schwitz + Kretzschau + Wetterzeube + Zeitz<\/td><\/tr><tr><td>11<\/td><td>21.08.2025<\/td><td>10:55<\/td><td>Hilfeleistung &#8211; Gasaustritt<\/td><td>Droy\u00dfig<\/td><td>HLF + KdoW + TSF (WB)<\/td><\/tr><tr><td>10<\/td><td>02.08.2025<\/td><td>01:20<\/td><td>Hilfeleistung &#8211; T\u00fcr\u00f6ffnung<\/td><td>Wei\u00dfenborn<\/td><td>HLF + MTW + TSF (WB)<\/td><\/tr><tr><td>09<\/td><td>30.07.2025<\/td><td>16:09<\/td><td>Hilfeleistung &#8211; T\u00fcr\u00f6ffnung<\/td><td>Droy\u00dfig<\/td><td>HLF + MTW + KdoW + TSF (WB)<\/td><\/tr><tr><td>08<\/td><td>27.07.2025<\/td><td>16:29<\/td><td>Hilfeleistung &#8211; Wassereinbruch<\/td><td>Droy\u00dfig<\/td><td>HLF + MTW + TSF (WB)<\/td><\/tr><tr><td>07<\/td><td>05.06.2025<\/td><td>13:59<\/td><td>Hilfeleistung &#8211; Gasaustritt<\/td><td>Droy\u00dfig<\/td><td>HLF + MTW + TSF (WB)<\/td><\/tr><tr><td>06<\/td><td>30.05.2025<\/td><td>18:37<\/td><td>Gro\u00dfbrand &#8211; Zimmer-\/K\u00fcchenbrand<\/td><td>Mannsdorf<\/td><td>HLF + KdoW + SW + MTW + FW Kretschau + FW Zeitz + FW Salsitz + FW D\u00f6schwitz<\/td><\/tr><tr><td>05<\/td><td>29.05.2025<\/td><td>22:11<\/td><td>Hilfeleistung &#8211; Verkehrsunfall<\/td><td>Verbindungsstr. Droy\u00dfig &#8211; Wetterzeube<\/td><td>HLF + KdoW<\/td><\/tr><tr><td>04<\/td><td>25.04.2025<\/td><td>10:13<\/td><td>Hilfeleistung &#8211; umgest\u00fcrtzter Baum <\/td><td>Droy\u00dfig<\/td><td>HLF + MTW + TSF (WB)<\/td><\/tr><tr><td>03<\/td><td>08.04.2025<\/td><td>12:12<\/td><td>Hilfeleistung &#8211; Verkehrsunfall, eingeklemmte Personen<\/td><td>Verbindungsstr. Droy\u00dfig &#8211; Zeitz<\/td><td>HLF + KdoW + FW Kretschau + FW Zeitz + FW Salsitz<\/td><\/tr><tr><td>02<\/td><td>16.02.2025<\/td><td>19:37<\/td><td>Hilfeleistung &#8211; Person in Notlage<\/td><td>Droy\u00dfig<\/td><td>HLF + KdoW + TSF (WB)<\/td><\/tr><tr><td>01<\/td><td>11.02.2025<\/td><td>14:11<\/td><td>Hilfeleistung &#8211; Tragehilfe<\/td><td>Droy\u00dfig<\/td><td>HLF + KdoW + TSF (WB) + Drehleiter (ZZ)<\/td><\/tr><\/tbody><\/table><\/figure>\n\n\n\n<p><\/p>\n\n\n\n<p class=\"has-text-align-center has-vivid-red-color has-text-color has-large-font-size\"><strong>2024<\/strong><\/p>\n\n\n\n<figure class=\"wp-block-table\"><table><tbody><tr><td><strong>Nummer<\/strong><\/td><td><strong>Datum<\/strong><\/td><td><strong>Uhrzeit<\/strong><\/td><td><strong>Meldung<\/strong><\/td><td><strong>Ort<\/strong><\/td><td><strong>Fahrzeuge<\/strong><\/td><\/tr><tr><td>37<\/td><td>29.12.2024<\/td><td>11:01<\/td><td>Hilfeleistung &#8211; Tragehilfe<\/td><td>Droy\u00dfig<\/td><td>HLF + KDoW<\/td><\/tr><tr><td>36<\/td><td>22.11.2024<\/td><td>17:54<\/td><td>Hilfeleistung &#8211; Tragehilfe<\/td><td>Droy\u00dfig<\/td><td>HLF<\/td><\/tr><tr><td>35<\/td><td>20.11.2024<\/td><td>14:05<\/td><td>Kleinbrand &#8211; unklare Rauchentwicklung (Abbruch bei Anfahrt)<\/td><td>Droy\u00dfig<\/td><td>HLF<\/td><\/tr><tr><td>34<\/td><td>20.11.2024<\/td><td>05:06<\/td><td>Hilfeleistung &#8211; T\u00fcr\u00f6ffnung<\/td><td>Droy\u00dfig<\/td><td>HLF + MTW<\/td><\/tr><tr><td>33<\/td><td>12.11.2024<\/td><td>16:18<\/td><td>Hilfeleistung &#8211; \u00d6lspur<\/td><td>Droy\u00dfig, <br>Verbindungsstr. Droy\u00dfig &#8211; Romsdorf<\/td><td>HLF + KDoW<\/td><\/tr><tr><td>32<\/td><td>08.10.2024<\/td><td>16.52<\/td><td>Hilfeleistung &#8211; Verkehrsunfall<\/td><td>Verbindungsstr. Droy\u00dfig &#8211; Romsdorf<\/td><td>HLF<\/td><\/tr><tr><td>31<\/td><td>28.09.2024<\/td><td>14:47<\/td><td>Hilfeleistung &#8211; Person in Notlage<\/td><td>Droy\u00dfig<\/td><td>HLF + KDoW<\/td><\/tr><tr><td>30<\/td><td>28.08.2024<\/td><td>15:48<\/td><td>Hilfeleistung &#8211; \u00d6lspur<\/td><td>Droy\u00dfig<\/td><td>HLF + KDoW<\/td><\/tr><tr><td>29<\/td><td>25.08.2024<\/td><td>03:05<\/td><td>Gro\u00dfbrand &#8211; Lagerhalle\/Scheune<\/td><td>N\u00e4thern<\/td><td>HLF + SW + KDoW + MTW<\/td><\/tr><tr><td>28<\/td><td>23.08.2024<\/td><td>08:27<\/td><td>Hilfeleistung &#8211; Wasserrohrbruch<\/td><td>Droy\u00dfig<\/td><td>HLF + KDoW + MTW<\/td><\/tr><tr><td>27<\/td><td>09.08.2024<\/td><td>00:22<\/td><td>Hilfeleistung &#8211; \u00d6lspur<\/td><td>Droy\u00dfig, Romsdorf<\/td><td>HLF + KDoW<\/td><\/tr><tr><td>26<\/td><td>08.08.2024<\/td><td>15:22<\/td><td>Hilfeleistung &#8211; Verkehrsunfall, eingeklemmte Person (Meldung \u00fcber E-Call, Einsatzstelle nicht auffindbar)<\/td><td>Verbindungsstr. Droy\u00dfig &#8211; Zeitz<\/td><td>HLF + KDoW<\/td><\/tr><tr><td>25<\/td><td>05.08.2024<\/td><td>20:15<\/td><td>Hilfeleistung &#8211; Person in Notlage \/ Personensuche<\/td><td>Wetterzeube<\/td><td>HLF + SW + KDoW + MTW<\/td><\/tr><tr><td>24<\/td><td>03.08.2024<\/td><td>15:17<\/td><td>Hilfeleistung &#8211; Person in Notlage \/ T\u00fcr\u00f6ffnung<\/td><td>Droy\u00dfig<\/td><td>HLF + KDoW<\/td><\/tr><tr><td>23<\/td><td>24.07.2024<\/td><td>08:27<\/td><td>Mittelbrand &#8211; Rauchmelder (Abbruch bei Anfahrt)<\/td><td>Wetterzeube<\/td><td>HLF + KDoW<\/td><\/tr><tr><td>22<\/td><td>10.07.2024<\/td><td>16:33<\/td><td>Hilfeleistung &#8211; Baum auf Stra\u00dfe<\/td><td>Verbindungsstr. Droy\u00dfig &#8211; Kirchsteitz<\/td><td>MTW<\/td><\/tr><tr><td>21<\/td><td>07.07.2024<\/td><td>17:31<\/td><td>Kleinbrand &#8211; Heckenbrand<\/td><td>Droy\u00dfig<\/td><td>HLF + SW + KDoW<\/td><\/tr><tr><td>20<\/td><td>06.07.2024<\/td><td>16:08<\/td><td>Hilfeleistung &#8211; Baum auf Stra\u00dfe (Einsatzort nicht auffindbar)<\/td><td>Verbindungsstr.<br>Droy\u00dfig &#8211; Wetterzeube<\/td><td>HLF + KDoW<\/td><\/tr><tr><td>19<\/td><td>01.07.2024<\/td><td>04:43<\/td><td>Hilfeleistung &#8211; T\u00fcr\u00f6ffnung (Abbruch bei Anfahrt)<\/td><td>Droy\u00dfig<\/td><td>HLF<\/td><\/tr><tr><td>18<\/td><td>30.06.2024<\/td><td>07:30<\/td><td>Hilfeleistung &#8211; Verkehrsbehinderung \/ Schlamm auf Stra\u00dfe<\/td><td>Droy\u00dfig<\/td><td>HLF<\/td><\/tr><tr><td>17<\/td><td>30.06.2024<\/td><td>06:33<\/td><td>Hilfeleistung &#8211; Baum auf Stra\u00dfe<\/td><td>Verbindungsstr. Droy\u00dfig &#8211; Kirchsteitz<\/td><td>HLF<\/td><\/tr><tr><td>16<\/td><td>20.06.2024<\/td><td>15:23<\/td><td>Kleinbrand &#8211; Heckenbrand<\/td><td>Droy\u00dfig<\/td><td>HLF + SW<\/td><\/tr><tr><td>15<\/td><td>18.06.2024<\/td><td>11:10<\/td><td>Hilfeleistung &#8211; Person in Notlage<\/td><td>Droy\u00dfig<\/td><td>HLF<\/td><\/tr><tr><td>14<\/td><td>04.05.2024<\/td><td>03:31<\/td><td>Mittelbrand &#8211; unklare Rauchentwicklung<\/td><td>Kretzschau<\/td><td>HLF<\/td><\/tr><tr><td>13<\/td><td>29.04.2024<\/td><td>17:50<\/td><td>Hilfeleistung &#8211; T\u00fcr\u00f6ffnung (Abbruch bei Anfahrt)<\/td><td>Droy\u00dfig<\/td><td>&#8211;<\/td><\/tr><tr><td>12<\/td><td>17.04.2024<\/td><td>16:08<\/td><td>Kleinbrand &#8211; Rauchentwicklung Erdkabel<\/td><td>Droy\u00dfig<\/td><td>HLF + SW<\/td><\/tr><tr><td>11<\/td><td>02.04.2024<\/td><td>03:31<\/td><td>Hilfeleistung &#8211; T\u00fcr\u00f6ffnung <\/td><td>Droy\u00dfig<\/td><td>HLF + MTW<\/td><\/tr><tr><td>10<\/td><td>12.03.2024<\/td><td>21:57<\/td><td>Mittelbrand &#8211; Gartenlaube (Abbruch bei Anfahrt)<\/td><td>D\u00f6schwitz<\/td><td>HLF + KDoW + SW<\/td><\/tr><tr><td>09<\/td><td>05.03.2024<\/td><td>12:59<\/td><td>Hilfeleistung &#8211; T\u00fcr\u00f6ffnung <\/td><td>Droy\u00dfig<\/td><td>HLF + MTW<\/td><\/tr><tr><td>08<\/td><td>23.02.2024<\/td><td>19:44<\/td><td>Hilfeleistung &#8211; Tragehilfe<\/td><td>Droy\u00dfig<\/td><td>HLF + KDoW<\/td><\/tr><tr><td>07<\/td><td>22.02.2024<\/td><td>08:50<\/td><td>Hilfeleistung &#8211; T\u00fcr\u00f6ffnung (Abbruch bei Anfahrt)<\/td><td>Droy\u00dfig<\/td><td>&#8211;<\/td><\/tr><tr><td>06<\/td><td>21.02.2024<\/td><td>18:07<\/td><td>Mittelbrand &#8211; Schornsteinbrand<\/td><td>Hollsteitz<\/td><td>HLF<\/td><\/tr><tr><td>05<\/td><td>28.01.2024<\/td><td>10:42<\/td><td>Hilfeleistung &#8211; Verkehrsunfall, Rauchentwicklung<\/td><td>Droy\u00dfig<\/td><td>HLF + KDoW<\/td><\/tr><tr><td>04<\/td><td>26.01.2024<\/td><td>16:04<\/td><td>Hilfeleistung &#8211; Baum auf Stra\u00dfe<\/td><td>Droy\u00dfig<\/td><td>HLF + KDoW<\/td><\/tr><tr><td>03<\/td><td>25.01.2024<\/td><td>13:55<\/td><td>Hilfeleistung &#8211; Verkehrsunfall, ausgelaufene Fl\u00fcssigkeit<\/td><td>Verbindungsstr. Droy\u00dfig &#8211; Zeitz<\/td><td>HLF + KDoW<\/td><\/tr><tr><td>02<\/td><td>12.01.2024<\/td><td>18:38<\/td><td>Hilfeleistung &#8211; Verkehrsunfall, mehrere eingeklemmte Personen<\/td><td>B180 Kretzschau &#8211; D\u00f6schwitz<\/td><td>HLF + KDoW + MTW<\/td><\/tr><tr><td>01<\/td><td>06.01.2024<\/td><td>11:29<\/td><td>Hilfeleistung &#8211; Verkehrsunfall, eingeklemmte Person<\/td><td>Verbindungsstr.<br>Droy\u00dfig &#8211; Zeitz<\/td><td>HLF + KDoW<\/td><\/tr><\/tbody><\/table><\/figure>\n\n\n\n<h1 class=\"wp-block-heading has-text-align-center has-vivid-red-color has-text-color has-link-color has-medium-font-size wp-elements-e23c7d380742e1d409080c5b6253c9f4\"><strong>202<\/strong>3<\/h1>\n\n\n\n<figure class=\"wp-block-table\"><table><tbody><tr><td><strong>Nummer<\/strong><\/td><td><strong>Datum<\/strong><\/td><td><strong>Uhrzeit<\/strong><\/td><td><strong>Meldung<\/strong><\/td><td><strong>Ort<\/strong><\/td><td><strong>Fahrzeuge<\/strong><\/td><\/tr><tr><td>31<\/td><td>30.12.2023<\/td><td>09:54<\/td><td>Hilfeleistung &#8211; \u00d6lspur<\/td><td>Droy\u00dfig<\/td><td>HLF + MTW<\/td><\/tr><tr><td>30<\/td><td>22.12.2023<\/td><td>05:18<\/td><td>Hilfeleistung &#8211; Stromleitung auf Stra\u00dfe<\/td><td>Verbindungsstr.<br>Wei\u00dfenborn &#8211; Wetterzeube<\/td><td>HLF<\/td><\/tr><tr><td>29<\/td><td>21.12.2023<\/td><td>17:10<\/td><td>Hilfeleistung &#8211; Baum quer Stra\u00dfe<\/td><td>Verbindungsstr.<br>Droy\u00dfig &#8211; Wetterzeube<\/td><td>HLF + KDoW<\/td><\/tr><tr><td>28<\/td><td>18.12.2023<\/td><td>21:20<\/td><td>Hilfeleistung &#8211; Baum quer Stra\u00dfe<\/td><td>Verbindungsstr.<br>Droy\u00dfig &#8211; Wetterzeube<\/td><td>HLF<\/td><\/tr><tr><td>27<\/td><td>13.11.2023<\/td><td>07:53<\/td><td>Hilfeleistung &#8211; T\u00fcr\u00f6ffnung<\/td><td>Droy\u00dfig<\/td><td>HLF + MTW<\/td><\/tr><tr><td>26<\/td><td>29.10.2023<\/td><td>11:35<\/td><td>Hilfeleistung &#8211; Baum quer Stra\u00dfe<\/td><td>Verbindungsstr.<br>Droy\u00dfig &#8211; Wetterzeube<\/td><td>HLF + MTW<\/td><\/tr><tr><td>25<\/td><td>11.09.2023<\/td><td>13:22<\/td><td>Mittelbrand &#8211; Fl\u00e4chenbrand<\/td><td>Droy\u00dfig<\/td><td>HLF + MTW + KDoW + SW<\/td><\/tr><tr><td>24<\/td><td>09.09.2023<\/td><td>20:20<\/td><td>Hilfeleistung &#8211; Person in Notlage<\/td><td>Droy\u00dfig<\/td><td>HLF<\/td><\/tr><tr><td>23<\/td><td>24.08.2023<\/td><td>14:35<\/td><td>F2 Fl\u00e4chenbrand &#8211; zus\u00e4tzliche Wasserversorgung (Abbruch bei Anfahrt)<\/td><td>Katersdobersdorf<\/td><td>HLF<\/td><\/tr><tr><td>22<\/td><td>17.08.2023<\/td><td>19:37<\/td><td>Hilfeleistung &#8211; Gruben leer Pumpen <\/td><td>Droy\u00dfig &#8211; Hassel<\/td><td>HLF + MTW + KDoW + SW<\/td><\/tr><tr><td>21<\/td><td>17.08.2023<\/td><td>19:37<\/td><td>Hilfeleistung &#8211; Verkehrsbehinderung \/ Schlamm auf Stra\u00dfe<\/td><td>Droy\u00dfig &#8211; Hassel<\/td><td>HLF + MTW + KDoW + SW<\/td><\/tr><tr><td>20<\/td><td>17.08.2023<\/td><td>19:08<\/td><td>Hilfeleistung &#8211; Erdrutsch \/ Stra\u00dfenentw\u00e4sserung wiederherstellen <\/td><td>Droy\u00dfig &#8211; Hassel<\/td><td>HLF + MTW + KDoW + SW<\/td><\/tr><tr><td>19<\/td><td>17.08.2023<\/td><td>19:00<\/td><td>Hilfeleistung &#8211; Geb\u00e4udesch\u00e4den \/ Hochwasser (Abbruch bei Anfahrt)<\/td><td>Wei\u00dfenborn<\/td><td>HLF + MTW + KDoW + SW<\/td><\/tr><tr><td>18<\/td><td>18.06.2023<\/td><td>20:41<\/td><td>Mittelbrand &#8211; Wohnung verpalmt (Abbruch bei Anfahrt)<\/td><td>Kretschau<\/td><td>HLF + SW<\/td><\/tr><tr><td>17<\/td><td>13.05.2023<\/td><td>09:16<\/td><td>Kleinbrand &#8211; PKW<\/td><td>Verbindungsstr.<br>Droy\u00dfig &#8211; Zeitz<\/td><td>HLF + KDoW<\/td><\/tr><tr><td>16<\/td><td>10.05.2023<\/td><td>10:56<\/td><td>Hilfeleistung &#8211; Verkehrsunfall \/ Fl\u00fcssigkeit<\/td><td>Verbindungsstr.<br>Droy\u00dfig &#8211; Romsdorf<\/td><td>HLF + KDoW<\/td><\/tr><tr><td>15<\/td><td>07.05.2023<\/td><td>01:41<\/td><td>Hilfeleistung &#8211; Verkehrsunfall<\/td><td>Verbindungsstr.<br>Droy\u00dfig &#8211; Wetterzeube<\/td><td>HLF + MTW<\/td><\/tr><tr><td>14<\/td><td>14.04.2023<\/td><td>14:45<\/td><td>Hilfeleistung &#8211; Verkehrsunfall<\/td><td>Verbindungsstr.<br>Droy\u00dfig &#8211; Zeitz<\/td><td>HLF + KDoW<\/td><\/tr><tr><td>13<\/td><td>12.04.2023<\/td><td>13:38<\/td><td>Mittelbrand &#8211; Rauch\/Kabelbrand<\/td><td>Grana<\/td><td>HLF<\/td><\/tr><tr><td>12<\/td><td>11.04.2023<\/td><td>17:49<\/td><td>Hilfeleistung &#8211; gro\u00dfer Ast auf Telefonleitung<\/td><td>Verbindungsstr.<br>Wei\u00dfenborn &#8211; Stolzenhain<\/td><td>HLF + MTW<\/td><\/tr><tr><td>11<\/td><td>13.03.2023<\/td><td>07:51<\/td><td>Hilfeleistung &#8211; Wasserschaden im Geb\u00e4ude<\/td><td>Droy\u00dfig<\/td><td>HLF + MTW<\/td><\/tr><tr><td>10<\/td><td>12.03.2023<\/td><td>14:16<\/td><td>Hilfeleistung &#8211; Tragehilfe<\/td><td>Droy\u00dfiger Wald<\/td><td>HLF + MTW<\/td><\/tr><tr><td>09<\/td><td>10.03.2023<\/td><td>09:46<\/td><td>Hilfeleistung &#8211; Tragehilfe<\/td><td>Droy\u00dfig<\/td><td>HLF + MTW<\/td><\/tr><tr><td>08<\/td><td>05.03.2023<\/td><td>14:58<\/td><td>Hilfeleistung &#8211; T\u00fcr\u00f6ffnung<\/td><td>Droy\u00dfig<\/td><td>HLF + KDoW<\/td><\/tr><tr><td>07<\/td><td>28.02.2023<\/td><td>21:17<\/td><td>Hilfeleistung &#8211; T\u00fcr\u00f6ffnung<\/td><td>Droy\u00dfig<\/td><td>HLF + KDoW<\/td><\/tr><tr><td>06<\/td><td>29.01.2023<\/td><td>16:17<\/td><td>Gro\u00dfbrand &#8211; Lagerhalle<\/td><td>D\u00f6schwitz<\/td><td>HLF + MTW + SW + KDoW<\/td><\/tr><tr><td>05<\/td><td>24.01.2023<\/td><td>18:54<\/td><td>Kleinbrand &#8211; Fehlalarm<\/td><td>Droy\u00dfig<\/td><td>HLF<\/td><\/tr><tr><td>04<\/td><td>14.01.2023<\/td><td>14:12<\/td><td>Mittelbrand &#8211; Fehlalarm<\/td><td>Droy\u00dfig<\/td><td>HLF<\/td><\/tr><tr><td>03<\/td><td>11.01.2023<\/td><td>07:17<\/td><td>Kleinbrand &#8211; Fehlalarm<\/td><td>Droy\u00dfig<\/td><td>HLF<\/td><\/tr><tr><td>02<\/td><td>06.01.2023<\/td><td>18:15<\/td><td>Mittelbrand &#8211; Fehlalarm<\/td><td>Droy\u00dfig<\/td><td>MTW<\/td><\/tr><tr><td>01<\/td><td>03.01.2023<\/td><td>15:34<\/td><td>Mittelbrand &#8211; Rauchmelder ausgel\u00f6st<\/td><td>Kretzschau<\/td><td>HLF + SW<\/td><\/tr><\/tbody><\/table><\/figure>\n\n\n\n<p class=\"has-text-align-center has-medium-font-size\"><strong><mark style=\"background-color:rgba(0, 0, 0, 0)\" class=\"has-inline-color has-vivid-red-color\">2022<\/mark><\/strong><\/p>\n\n\n\n<figure class=\"wp-block-table\"><table><tbody><tr><td>Nummer<\/td><td>Datum<\/td><td>Uhrzeit<\/td><td>Meldung<\/td><td>Ort<\/td><td>Fahrzeuge<\/td><\/tr><tr><td>01<\/td><td>01.01.2022<\/td><td>00:29<\/td><td>Mittelbrand<\/td><td>Salsitz<\/td><td>MTW + SW<\/td><\/tr><tr><td>02<\/td><td>18.02.2022<\/td><td>22:19<\/td><td>Hilfeleistung &#8211; Baum quer Stra\u00dfe<\/td><td>Verbindungsstr.<br>Droy\u00dfig &#8211; Wetterzeube<\/td><td>HLF + MTW<br>+ KDoW <\/td><\/tr><tr><td>03<\/td><td>19.02.2022<\/td><td>05:58<\/td><td>Hilfeleistung &#8211; Baum quer Stra\u00dfe<\/td><td>Verbindungsstr.<br>Droy\u00dfig &#8211; Wetterzeube<\/td><td>HLF + MTW<br>+ KDoW <\/td><\/tr><tr><td>04<\/td><td>25.03.2022<\/td><td>13:06<\/td><td>Mittelbrand &#8211; Garagenlaube<\/td><td>N\u00e4thern<\/td><td>HLF + MTW + KDoW<\/td><\/tr><tr><td>05<\/td><td>26.03.2022<\/td><td>00:24<\/td><td>Mittelbrand &#8211; Rauchmelder<\/td><td>Gladitz<\/td><td>HLF + MTW<\/td><\/tr><tr><td>06<\/td><td>25.07.2022<\/td><td>17:53<\/td><td>Hilfeleistung &#8211; Wasser in Wohung<\/td><td>Droy\u00dfig<\/td><td>HLF + MTW<\/td><\/tr><tr><td>07<\/td><td>25.07.2022<\/td><td>18:28<\/td><td>Hilfeleistung &#8211; Baum quer Stra\u00dfe<\/td><td>Verbindungsstr.<br>Droy\u00dfig &#8211; Zeitz<\/td><td>HLF + MTW<\/td><\/tr><tr><td>08<\/td><td>09.08.2022<\/td><td>19:26<\/td><td>Hilfeleistung &#8211; ausgelaufene Fl\u00fcssigkeit\/Hydraulik\u00f6l<\/td><td>Droy\u00dfig &#8211; Wetterzeube<\/td><td>HLF + MTW<\/td><\/tr><tr><td>09<\/td><td>18.08.2022<\/td><td>16:02<\/td><td>Hilfeleistung &#8211; Tragehilfe<\/td><td>Droy\u00dfig<\/td><td>HLF + MTW<\/td><\/tr><tr><td>10<\/td><td>21.08.2022<\/td><td>20:45<\/td><td>Hilfeleistung &#8211; Tragehilfe<\/td><td>Droy\u00dfig<\/td><td>HLF + MTW<\/td><\/tr><tr><td>11<\/td><td>26.08.2022<\/td><td>17:23<\/td><td>Hilfeleistung &#8211; T\u00fcr\u00f6ffnung<\/td><td>Droy\u00dfig<\/td><td>HLF + MTW<\/td><\/tr><tr><td>12<\/td><td>09.09.2022<\/td><td>11:14<\/td><td>Kleinbrand &#8211; Fehlalarm \/ Einsatzstelle nicht auffindbar<\/td><td>Droy\u00dfig<\/td><td>HLF<\/td><\/tr><tr><td>13<\/td><td>09.09.2022<\/td><td>14:00<\/td><td>Kleinbrand &#8211; BMA-Ausgel\u00f6st \/ Fehlalarm<\/td><td>Droy\u00dfig<\/td><td>HLF + MTW<\/td><\/tr><tr><td>14<\/td><td>10.09.2022<\/td><td>11:08<\/td><td>Hilfeleistung &#8211; Fehlalarm <\/td><td>Droy\u00dfig<\/td><td>HLF<\/td><\/tr><tr><td>15<\/td><td>24.09.2022<\/td><td>20:48<\/td><td>Hilfeleistung &#8211; Person in Notlage<\/td><td>Droy\u00dfig<\/td><td>HLF<\/td><\/tr><tr><td>16<\/td><td>28.09.2022<\/td><td>20:05<\/td><td>Gro\u00dfbrand &#8211; Wohnungsbrand (Abbruch bei Anfahrt)<\/td><td>Kretzschau<\/td><td>HLF + KDoW + MTW<\/td><\/tr><tr><td>17<\/td><td>25.10.2022<\/td><td>06:54<\/td><td>Kleinbrand &#8211; PKW nach Verkehrsunfall <\/td><td>Verbindungsstr.<br>Droy\u00dfig &#8211; Zeitz<\/td><td>HLF + MTW<\/td><\/tr><tr><td>18<\/td><td>04.11.2022<\/td><td>12:49<\/td><td>Mittelbrand &#8211; Rauch Geb\u00e4ude (Abbruch bei Anfahrt)<\/td><td>Kretzschau<\/td><td>HLF + MTW + SW<\/td><\/tr><tr><td>19<\/td><td>16.11.2022<\/td><td>10:09<\/td><td>Hilfeleistung &#8211; Tragehilfe<\/td><td>Droy\u00dfig<\/td><td>HLF<\/td><\/tr><tr><td>20<\/td><td>22.11.2022<\/td><td>03:10<\/td><td>Hilfeleistung &#8211; Person in Notlage<\/td><td>Droy\u00dfig<\/td><td>HLF + MTW<\/td><\/tr><tr><td>21<\/td><td>02.12.2022<\/td><td>20:51<\/td><td>Mittelbrand &#8211; BMA-Ausgel\u00f6st \/ Fehlalarm<\/td><td>Droy\u00dfig<\/td><td>HLF + KDoW<\/td><\/tr><tr><td>22<\/td><td>03.12.2022<\/td><td>15:59<\/td><td>Hilfeleistung &#8211; umgefallen Strommast<\/td><td>Verbindungsstr.<br>Droy\u00dfig &#8211; Zeitz<\/td><td>HLF<\/td><\/tr><tr><td>23<\/td><td>08.12.2022<\/td><td>12:13<\/td><td>BMA-Ausgel\u00f6st \/ Fehlalarm<\/td><td>Droy\u00dfig<\/td><td>HLF<\/td><\/tr><tr><td>24<\/td><td>16.12.2022<\/td><td>22:56<\/td><td>Kleinbrand &#8211; Fehlalarm<\/td><td>Droy\u00dfig<\/td><td>HLF<\/td><\/tr><tr><td>25<\/td><td>18.12.2022<\/td><td>16:34<\/td><td>Gro\u00dfbrand &#8211; Fehlalarm<\/td><td>Droy\u00dfig<\/td><td>HLF<\/td><\/tr><tr><td>26<\/td><td>19.12.2022<\/td><td>08:51<\/td><td>Gro\u00dfbrand &#8211; Fehlalarm<\/td><td>Droy\u00dfig<\/td><td>HLF<\/td><\/tr><\/tbody><\/table><\/figure>\n\n\n\n<p><\/p>\n\n\n\n<p><\/p>\n","protected":false},"excerpt":{"rendered":"<p>2026 Nummer Datum Uhrzeit Meldung Ort Fahrzeuge 05 15.04.2026 11:53 Hilfeleistung &#8211; Baum auf Stra\u00dfe Verbindungsstr. Droy\u00dfig &#8211; Wetterzeube HLF + TSF (WB) 04 18.03.2026 06:19 Kleinbrand &#8211; PKW Hollsteitz HLF + KdoW + Kretzschau + D\u00f6schwitz 03 16.02.2026 22:51 Mittelbrand &#8211; Strohdiemen Verbindungsstr. Droy\u00dfig &#8211; Zeitz HLF + GWL + Kretzschau + D\u00f6schwitz + [&hellip;]<\/p>\n","protected":false},"author":1,"featured_media":0,"parent":0,"menu_order":0,"comment_status":"closed","ping_status":"closed","template":"","meta":{"footnotes":""},"class_list":["post-19","page","type-page","status-publish","hentry"],"_links":{"self":[{"href":"http:\/\/feuerwehr-droyssig.de\/index.php\/wp-json\/wp\/v2\/pages\/19","targetHints":{"allow":["GET"]}}],"collection":[{"href":"http:\/\/feuerwehr-droyssig.de\/index.php\/wp-json\/wp\/v2\/pages"}],"about":[{"href":"http:\/\/feuerwehr-droyssig.de\/index.php\/wp-json\/wp\/v2\/types\/page"}],"author":[{"embeddable":true,"href":"http:\/\/feuerwehr-droyssig.de\/index.php\/wp-json\/wp\/v2\/users\/1"}],"replies":[{"embeddable":true,"href":"http:\/\/feuerwehr-droyssig.de\/index.php\/wp-json\/wp\/v2\/comments?post=19"}],"version-history":[{"count":120,"href":"http:\/\/feuerwehr-droyssig.de\/index.php\/wp-json\/wp\/v2\/pages\/19\/revisions"}],"predecessor-version":[{"id":637,"href":"http:\/\/feuerwehr-droyssig.de\/index.php\/wp-json\/wp\/v2\/pages\/19\/revisions\/637"}],"wp:attachment":[{"href":"http:\/\/feuerwehr-droyssig.de\/index.php\/wp-json\/wp\/v2\/media?parent=19"}],"curies":[{"name":"wp","href":"https:\/\/api.w.org\/{rel}","templated":true}]}}