{"id":17,"date":"2022-02-18T17:55:50","date_gmt":"2022-02-18T16:55:50","guid":{"rendered":"http:\/\/feuerwehr-droyssig.homeip.net\/?page_id=17"},"modified":"2026-03-14T13:14:19","modified_gmt":"2026-03-14T12:14:19","slug":"feuerwehr-dienstplan","status":"publish","type":"page","link":"http:\/\/feuerwehr-droyssig.de\/index.php\/feuerwehr-dienstplan\/","title":{"rendered":"Feuerwehr Dienstplan"},"content":{"rendered":"\n<p><strong>Dienstplan der Ortsfeuerwehr Droy\u00dfig 2026<\/strong><\/p>\n\n\n\n<figure class=\"wp-block-table\"><table><thead><tr><td><strong>Datum<\/strong><\/td><td><strong>Thema<\/strong>&nbsp;<\/td><td><strong>Verantwortlicher<\/strong><\/td><\/tr><\/thead><tbody><tr><td>16. Januar<\/td><td>FwDV 500 Theorie + Praxis<\/td><td>Schwiers<\/td><\/tr><tr><td>30. Januar<\/td><td>UVV<\/td><td>Arlt<\/td><\/tr><tr><td><\/td><td><\/td><td><\/td><\/tr><tr><td>13. Februar<\/td><td>Vorgehen im Brandraum<\/td><td>Tischendorf<\/td><\/tr><tr><td>27. Februar<\/td><td>Halten \/ R\u00fcckhalten Theorie + Praxis<\/td><td>Schwiers<\/td><\/tr><tr><td><\/td><td><\/td><td><\/td><\/tr><tr><td>13. M\u00e4rz<\/td><td>FwDV 10 Leitern<\/td><td>Fritzsche, J.<\/td><\/tr><tr><td>27. M\u00e4rz<\/td><td>FwDV 7 Atemschutz Theorie<\/td><td>Schwiers<\/td><\/tr><tr><td><\/td><td><\/td><td><\/td><\/tr><tr><td>10. April<\/td><td>FwDV 7 Atemschutz Praxis<\/td><td>Schwiers<\/td><\/tr><tr><td>24. April<\/td><td>FwDV 3 Theorie + Praxis<\/td><td>&#8211;<\/td><\/tr><tr><td><\/td><td><\/td><td><\/td><\/tr><tr><td>08. Mai<\/td><td>FwDV 3 Hilfeleistungseinsatz Praxis<\/td><td>Tischendorf<\/td><\/tr><tr><td>22. Mai<\/td><td>FwDV 3 Brandeinsatz Praxis<\/td><td>Kluge<\/td><\/tr><tr><td><\/td><td><\/td><td><\/td><\/tr><tr><td>05. Juni<\/td><td>T\u00fcr\u00f6ffnung<\/td><td>Schaffer<\/td><\/tr><tr><td>19. Juni<\/td><td>Wasserentnahme + Wasserf\u00f6rderung<\/td><td>Winkler<\/td><\/tr><tr><td><\/td><td><\/td><td><\/td><\/tr><tr><td>03. Juli<\/td><td>FwDV 100 F\u00fchrung<\/td><td>Heinecke<\/td><\/tr><tr><td>17. Juli<\/td><td>Fahrtraining Maschinisten<\/td><td>Arlt<\/td><\/tr><tr><td>31. Juli<\/td><td>Fahrzeug- und Ger\u00e4tekunde<\/td><td>Schaffer<\/td><\/tr><tr><td><\/td><td><\/td><td><\/td><\/tr><tr><td>14. August<\/td><td>Motors\u00e4ge \/ Mehrzweckzug<\/td><td>Winkler<\/td><\/tr><tr><td>28. August<\/td><td>FwDV 10 Leitern<\/td><td>Kluge<\/td><\/tr><tr><td><\/td><td><\/td><td><\/td><\/tr><tr><td>11. September<\/td><td>FwDV 3 Hilfeleistungseinsatz Praxis<\/td><td>Tischendorf<\/td><\/tr><tr><td>25. September<\/td><td>FwDV 3 L\u00f6scheinsatz Praxis<\/td><td>Schaffer<\/td><\/tr><tr><td><\/td><td><\/td><td><\/td><\/tr><tr><td>09. Oktober<\/td><td>FwDV 7 Theorie<\/td><td>Schwiers<\/td><\/tr><tr><td>23. Oktober<\/td><td>FwDV 7 Praxis<\/td><td>Schwiers<\/td><\/tr><tr><td><\/td><td><\/td><td><\/td><\/tr><tr><td>06. November<\/td><td>FwDV 100 F\u00fchrung<\/td><td>&#8211;<\/td><\/tr><tr><td>20. November<\/td><td>Sprungretter<\/td><td>Fritzsche, J.<\/td><\/tr><tr><td><\/td><td><\/td><td><\/td><\/tr><tr><td>04. Dezember<\/td><td>Ausleuchten der Einsatzstelle<\/td><td>Hollmann<\/td><\/tr><tr><td>18. Dezember<\/td><td>Fahrzeug und Ger\u00e4tekunde<\/td><td>K\u00fchn<\/td><\/tr><\/tbody><\/table><\/figure>\n\n\n\n<p class=\"has-text-align-center\"><strong>Zwischen den Ausbildungen ist Dienst in Verwantwortungsbereichen.&nbsp;<br>Der Dienst und die Ausbildung beginnen immer 18.00 Uhr im Ger\u00e4tehaus.<br>\u00c4nderungen sind der Wehrleitung vorbehalten.&nbsp;<\/strong><\/p>\n\n\n\n<h2 class=\"wp-block-heading has-text-align-left\"><strong>besondere Termine:<\/strong><\/h2>\n\n\n\n<p>Freitag, 09. Januar 2026 Jahreshauptversammlung<br>Samstag, 10. Januar 2026 Weihnachtsbaumsammelaktion<br>Samstag, 07. M\u00e4rz 2026 Mitgliederversammlung (Verein)<br>Sonntag, 05. April 2026 Osterfeuer<br>Mittwoch 06. Mai 2026 Alterabteilungstreffen<br>Freitag, 19. Juni 2026 Sportplatz Fu\u00dfball Jugend<br>Mittwoch, 11. November 2026 Martinsumzug<br>Sonntag, 29. November 2026 Weihnachtsmarkt<br>!!Termin noch nicht bekannt!! Weihnachtsfeier<\/p>\n\n\n\n<p><\/p>\n\n\n\n<p>Die o.g. Veranstaltungen sind als Termininformation und zu betrachten.<\/p>\n\n\n\n<p><strong>Eine Teilnahme der Feuerwehr Droy\u00dfig erfolgt ausschlie\u00dflich unter dem Vorbehalt einer ausreichenden Beteiligung der Mitglieder!<\/strong><\/p>\n","protected":false},"excerpt":{"rendered":"<p>Dienstplan der Ortsfeuerwehr Droy\u00dfig 2026 Datum Thema&nbsp; Verantwortlicher 16. Januar FwDV 500 Theorie + Praxis Schwiers 30. Januar UVV Arlt 13. Februar Vorgehen im Brandraum Tischendorf 27. Februar Halten \/ R\u00fcckhalten Theorie + Praxis Schwiers 13. M\u00e4rz FwDV 10 Leitern Fritzsche, J. 27. M\u00e4rz FwDV 7 Atemschutz Theorie Schwiers 10. April FwDV 7 Atemschutz Praxis [&hellip;]<\/p>\n","protected":false},"author":1,"featured_media":0,"parent":0,"menu_order":0,"comment_status":"closed","ping_status":"closed","template":"","meta":{"footnotes":""},"class_list":["post-17","page","type-page","status-publish","hentry"],"_links":{"self":[{"href":"http:\/\/feuerwehr-droyssig.de\/index.php\/wp-json\/wp\/v2\/pages\/17","targetHints":{"allow":["GET"]}}],"collection":[{"href":"http:\/\/feuerwehr-droyssig.de\/index.php\/wp-json\/wp\/v2\/pages"}],"about":[{"href":"http:\/\/feuerwehr-droyssig.de\/index.php\/wp-json\/wp\/v2\/types\/page"}],"author":[{"embeddable":true,"href":"http:\/\/feuerwehr-droyssig.de\/index.php\/wp-json\/wp\/v2\/users\/1"}],"replies":[{"embeddable":true,"href":"http:\/\/feuerwehr-droyssig.de\/index.php\/wp-json\/wp\/v2\/comments?post=17"}],"version-history":[{"count":17,"href":"http:\/\/feuerwehr-droyssig.de\/index.php\/wp-json\/wp\/v2\/pages\/17\/revisions"}],"predecessor-version":[{"id":631,"href":"http:\/\/feuerwehr-droyssig.de\/index.php\/wp-json\/wp\/v2\/pages\/17\/revisions\/631"}],"wp:attachment":[{"href":"http:\/\/feuerwehr-droyssig.de\/index.php\/wp-json\/wp\/v2\/media?parent=17"}],"curies":[{"name":"wp","href":"https:\/\/api.w.org\/{rel}","templated":true}]}}